{"id":91,"date":"2023-02-03T16:57:31","date_gmt":"2023-02-03T16:57:31","guid":{"rendered":"https:\/\/investigation.com.br\/wp\/br\/?page_id=91"},"modified":"2023-02-03T16:57:31","modified_gmt":"2023-02-03T16:57:31","slug":"investigacao-empresarial","status":"publish","type":"page","link":"https:\/\/investigation.com.br\/?page_id=91","title":{"rendered":"INVESTIGA\u00c7\u00c3O EMPRESARIAL"},"content":{"rendered":"\n<p>O servi\u00e7o de investiga\u00e7\u00e3o empresarial tem crescido no Brasil como uma alternativa segura para garantir a preserva\u00e7\u00e3o de patrim\u00f4nios, assim como para checar e obter informa\u00e7\u00f5es cruciais em transa\u00e7\u00f5es mais importantes como fus\u00f5es, compras ou vendas.<\/p>\n\n\n\n<p>Tudo isso, claro, garante a credibilidade da empresa, al\u00e9m do al\u00edvio de gestores ou donos que devem, certamente, cuidar do que possuem, at\u00e9 porque respondem pelo que possuem. Se voc\u00ea \u00e9 uma dessas pessoas, n\u00e3o hesite em contratar o servi\u00e7o de investiga\u00e7\u00e3o empresarial com quem entende e \u00e9 experiente no assunto um detetive empresarial.<\/p>\n\n\n\n<h4 class=\"wp-block-heading\"><\/h4>\n\n\n\n<ul class=\"wp-block-list\">\n<li><a href=\"https:\/\/liderdetetives.com.br\/servicos\/investigacao-empresarial\/#elementor-toc__heading-anchor-5\">Quanto tempo leva para concluir uma investiga\u00e7\u00e3o empresarial?<\/a><\/li>\n<\/ul>\n\n\n\n<h2 class=\"wp-block-heading\">Para que serve a investiga\u00e7\u00e3o empresarial?<\/h2>\n\n\n\n<p>A investiga\u00e7\u00e3o empresarial ajuda a descobrir poss\u00edveis trai\u00e7\u00f5es de funcion\u00e1rios e, em muitos casos, recuperar o dinheiro da empresa.<\/p>\n\n\n\n<p>A investiga\u00e7\u00e3o do time profissional \u00e9 direcionada desde pequenos com\u00e9rcios at\u00e9 grandes corpora\u00e7\u00f5es. E isso vale para objetos, desvio de dinheiro e at\u00e9 roubo de ideias.&nbsp;<\/p>\n\n\n\n<p>Sim, \u00e9 poss\u00edvel rastrear esse tipo de comportamento. Conhecido como espionagem industrial, esse tipo de servi\u00e7o \u00e9 mais comum do que se imagina.<\/p>\n\n\n\n<p>Atuamos dentro do mais absoluto sigilo para proteger sua empresa ou ind\u00fastria, somos procurados para investiga\u00e7\u00e3o empresarial contra:<\/p>\n\n\n\n<ul class=\"wp-block-list\">\n<li>Fraudes&nbsp;<\/li>\n\n\n\n<li>Extors\u00f5es<\/li>\n\n\n\n<li>Chantagens&nbsp;<\/li>\n\n\n\n<li>Furtos<\/li>\n\n\n\n<li>Desvios<\/li>\n\n\n\n<li>Funcion\u00e1rios desleais<\/li>\n\n\n\n<li>Espionagens ilegais&nbsp;&nbsp;<\/li>\n\n\n\n<li>Vazamento de informa\u00e7\u00e3o<\/li>\n\n\n\n<li>Preju\u00edzos em geral<\/li>\n<\/ul>\n\n\n\n<h2 class=\"wp-block-heading\">Como funciona a investiga\u00e7\u00e3o empresarial?<\/h2>\n\n\n\n<p>A investiga\u00e7\u00e3o empresarial \u00e9 feita por meio de monitorias na comunica\u00e7\u00e3o interna e infiltra\u00e7\u00e3o do detetive na equipe de colaboradores da empresa.<br><br>Para descobrir se a empresa est\u00e1 sendo espionada e para proteger a empresa desses espi\u00f5es que tentam burlar as regras e descobrir segredos, as empresas contratam os servi\u00e7os de contraespionagem dos detetives particulares.<\/p>\n\n\n\n<h2 class=\"wp-block-heading\">Provas em uma investiga\u00e7\u00e3o empresarial<\/h2>\n\n\n\n<p>Todo o material \u00e9 analisado e descoberto pelo detetive que, ao inv\u00e9s de espionar a vida alheia, analisa a situa\u00e7\u00e3o do seu cliente em prol da seguran\u00e7a.<br><br>Gancho de roupa, isqueiro e at\u00e9 benjamim de tomada. Todos esses podem ser focos de uma invas\u00e3o de privacidade.<br><br>Al\u00e9m disso pode haver intercepta\u00e7\u00e3o de correspond\u00eancias, intrus\u00e3o em redes de computadores, espionagem fotogr\u00e1fica, furto de documentos (como relat\u00f3rios financeiros, carteiras de clientes, metas de produ\u00e7\u00e3o, lan\u00e7amento de produtos no mercado, contratos, etc) e acesso ao telefone<br><br>Alguns espa\u00e7os empresariais disp\u00f5em at\u00e9 de ambientes chamados de salas seguras, onde h\u00e1 o uso de detectores de metais e outros aparatos que identifiquem espi\u00f5es.<br><br>Empresas chegam a desembolsar at\u00e9 7 milh\u00f5es para esse tipo de local, com paredes revestidas em a\u00e7o e sem a cobertura de sinal para TV ou internet.<\/p>\n\n\n\n<h2 class=\"wp-block-heading\">Monitoramento de Funcion\u00e1rios<\/h2>\n\n\n\n<p>O ambiente empresarial vive sempre em alto risco. Afinal, \u00e9 comum a a\u00e7\u00e3o de funcion\u00e1rios mal intencionados, que procuram desviar verbas e obter vantagens na empresa, al\u00e9m da a\u00e7\u00e3o da concorr\u00eancia que, muitas vezes, infiltra pessoas disfar\u00e7adas de funcion\u00e1rios.<br><br>V\u00e1rios empreendimentos foram \u00e0 fal\u00eancia em fun\u00e7\u00e3o da a\u00e7\u00e3o deste tipo perigo e o trabalho do detetive empresarial \u00e9 exatamente encontrar quem s\u00e3o essas pessoas, onde est\u00e3o e o que est\u00e3o fazendo para prejudicar a empresa.<\/p>\n\n\n\n<p>Na investiga\u00e7\u00e3o empresarial, os detetives rastreiam dados roubados de empresas, cal\u00fanias feitas nas redes sociais. O vazamento de dados \u00e9 o crime mais comum acontecido em empresas e o detetive empresarial est\u00e1 preparado para descobrir a a\u00e7\u00e3o de hackers ou mesmo de funcion\u00e1rios comuns que t\u00eam acesso a informa\u00e7\u00f5es importantes, como contratos e dados banc\u00e1rios<\/p>\n\n\n\n<h2 class=\"wp-block-heading\">Principais t\u00e9cnicas de uma Investiga\u00e7\u00e3o Empresarial<\/h2>\n\n\n\n<p>Sobre as t\u00e9cnicas utilizadas em uma investiga\u00e7\u00e3o empresarial, o detetive empresarial trabalha da seguinte forma:<\/p>\n\n\n\n<ul class=\"wp-block-list\">\n<li>Monitoramento da comunica\u00e7\u00e3o interna e externa da empresa;<\/li>\n\n\n\n<li>Infiltra\u00e7\u00e3o no quadro de colaboradores da empresa;<\/li>\n\n\n\n<li>Registros de fotos e v\u00eddeo com a\u00e7\u00f5es dos investigados;<\/li>\n\n\n\n<li>Observa\u00e7\u00f5es \u00e0 dist\u00e2ncia;<\/li>\n\n\n\n<li>Monitoramento de colaboradores<\/li>\n\n\n\n<li>Realiza\u00e7\u00e3o de acompanhamento da rotina do investigado com carros ou motos variados para que n\u00e3o haja suspeitas;<\/li>\n\n\n\n<li>Envio de relat\u00f3rios elaborados com as provas coletadas.<\/li>\n<\/ul>\n\n\n\n<p><br>O Investigado \u00e9 observado todo o tempo \u00e0 dist\u00e2ncia e com muito cuidado para que n\u00e3o haja suspeita de nada.<\/p>\n\n\n\n<h2 class=\"wp-block-heading\">Quanto tempo leva para concluir uma investiga\u00e7\u00e3o empresarial?<\/h2>\n\n\n\n<p>A investiga\u00e7\u00e3o empresarial realizada por um excelente detetive particular costuma demorar em m\u00e9dia de cinco dias a tr\u00eas meses.<\/p>\n\n\n\n<h4 class=\"wp-block-heading\">Casos famosos de investiga\u00e7\u00e3o empresarial<\/h4>\n\n\n\n<h4 class=\"wp-block-heading\"><strong>Brasil Telecom<\/strong><\/h4>\n\n\n\n<p>Uma das situa\u00e7\u00f5es mais marcantes de investiga\u00e7\u00e3o empresarial aconteceu em 2004, quando uma investiga\u00e7\u00e3o da pol\u00edcia federal acusou o banqueiro Daniel Dantas e a diretora da Brasil Telecom, Carla Cico, de espionarem a empresa concorrente na It\u00e1lia.&nbsp;<\/p>\n\n\n\n<p>S\u00f3 que a marca italiana j\u00e1 tinha acionado a contraespionagem e percebeu a movimenta\u00e7\u00e3o da rival. Depois do esc\u00e2ndalo esse tipo de servi\u00e7o cresceu.<\/p>\n\n\n\n<h4 class=\"wp-block-heading\"><strong>Coca-Cola<\/strong><\/h4>\n\n\n\n<p>Outro exemplo \u00e9 o da Coca-Cola, que teve acesso \u00e0s estrat\u00e9gias de marketing da rival Pepsi.&nbsp;<\/p>\n\n\n\n<p>A marca Pepsi fazia parte do grupo argentino Baesa e pretendia aumentar sua participa\u00e7\u00e3o no Brasil que na \u00e9poca era de 6% na venda de refrigerantes, comparada aos 50% da Coca.&nbsp;<\/p>\n\n\n\n<p>A Baesa queria chegar aos 30%. E durante o processo de empoderamento da empresa, foi descoberto que um t\u00e9cnico de som gravava reuni\u00f5es da Baesa e depois entregava para a Coca- Cola, que assim soube de todas as estrat\u00e9gias da Pepsi, que viu a vendas ca\u00edrem ainda mais, para 4%.<\/p>\n\n\n\n<p>Depois disso a marca foi vendida para a Brahma.&nbsp;<\/p>\n\n\n\n<p>Por \u00faltimo fica a reflex\u00e3o para voc\u00ea que agora j\u00e1 \u00e9 mais entendido no assunto:<\/p>\n\n\n\n<p>\u201c<em>Nunca confie na probabilidade de o inimigo n\u00e3o estar vindo, mas dependa de sua pr\u00f3pria prontid\u00e3o para o reconhecer. N\u00e3o espere que o inimigo n\u00e3o ataque, mas dependa de estar em uma posi\u00e7\u00e3o que n\u00e3o possa ser atacada.<\/em>\u201d \u2013 A Arte da Guerra, um livro que \u00e9 um tratado militar escrito durante o s\u00e9culo IV a.C. pelo estrategista e fil\u00f3sofo chin\u00eas conhecido como Sun Tzu.<\/p>\n","protected":false},"excerpt":{"rendered":"<p>O servi\u00e7o de investiga\u00e7\u00e3o empresarial tem crescido no Brasil como uma alternativa segura para garantir [&hellip;]<\/p>\n","protected":false},"author":1,"featured_media":0,"parent":39,"menu_order":2,"comment_status":"closed","ping_status":"closed","template":"","meta":{"footnotes":""},"class_list":["post-91","page","type-page","status-publish","hentry"],"_links":{"self":[{"href":"https:\/\/investigation.com.br\/index.php?rest_route=\/wp\/v2\/pages\/91","targetHints":{"allow":["GET"]}}],"collection":[{"href":"https:\/\/investigation.com.br\/index.php?rest_route=\/wp\/v2\/pages"}],"about":[{"href":"https:\/\/investigation.com.br\/index.php?rest_route=\/wp\/v2\/types\/page"}],"author":[{"embeddable":true,"href":"https:\/\/investigation.com.br\/index.php?rest_route=\/wp\/v2\/users\/1"}],"replies":[{"embeddable":true,"href":"https:\/\/investigation.com.br\/index.php?rest_route=%2Fwp%2Fv2%2Fcomments&post=91"}],"version-history":[{"count":1,"href":"https:\/\/investigation.com.br\/index.php?rest_route=\/wp\/v2\/pages\/91\/revisions"}],"predecessor-version":[{"id":92,"href":"https:\/\/investigation.com.br\/index.php?rest_route=\/wp\/v2\/pages\/91\/revisions\/92"}],"up":[{"embeddable":true,"href":"https:\/\/investigation.com.br\/index.php?rest_route=\/wp\/v2\/pages\/39"}],"wp:attachment":[{"href":"https:\/\/investigation.com.br\/index.php?rest_route=%2Fwp%2Fv2%2Fmedia&parent=91"}],"curies":[{"name":"wp","href":"https:\/\/api.w.org\/{rel}","templated":true}]}}