{"id":48,"date":"2023-02-03T13:54:18","date_gmt":"2023-02-03T13:54:18","guid":{"rendered":"https:\/\/investigation.com.br\/wp\/br\/?page_id=48"},"modified":"2023-03-07T14:16:11","modified_gmt":"2023-03-07T14:16:11","slug":"investigacao-conjugal","status":"publish","type":"page","link":"https:\/\/investigation.com.br\/?page_id=48","title":{"rendered":"INVESTIGA\u00c7\u00c3O CONJUGAL"},"content":{"rendered":"\n<p>N\u00e3o \u00e9 f\u00e1cil admiti-lo, tanto para si mesmo quanto na frente de um Investigador Particular, mas a suspeita de uma trai\u00e7\u00e3o nos assalta e a interven\u00e7\u00e3o de um profissional \u00e9 necess\u00e1ria. A infidelidade conjugal \u00e9 uma das principais causas de separa\u00e7\u00f5es e div\u00f3rcios. A necessidade de apurar a infidelidade conjugal ser\u00e1, pois, ditada por raz\u00f5es sentimentais, mas tamb\u00e9m pela necessidade de recolher provas v\u00e1lidas em tribunal.<\/p>\n\n\n\n<p>O casamento ainda \u00e9 um contrato entre duas pessoas e, como todos os contratos, tem cl\u00e1usulas a serem respeitadas, antes de tudo a fidelidade ao parceiro. N\u00e3o \u00e9 incomum que uma trai\u00e7\u00e3o leve ao div\u00f3rcio e, em alguns casos, \u00e0 anula\u00e7\u00e3o do casamento. Segue-se, na presen\u00e7a de menores, o longo e complexo processo burocr\u00e1tico para a guarda dos filhos e atribui\u00e7\u00e3o da pens\u00e3o de alimentos. Ao contar com a Investigation , o c\u00f4njuge poder\u00e1 apurar a trai\u00e7\u00e3o do companheiro e obter provas juridicamente v\u00e1lidas para obter separa\u00e7\u00f5es, div\u00f3rcios e guarda dos filhos, tudo com total respeito \u00e0 privacidade. A ag\u00eancia de Investiga\u00e7\u00e3o opera com sucesso em Todo o Estado do Es e em todo o Brasil, atendendo o cliente com profissionalismo, humanidade e discri\u00e7\u00e3o. Investigation, atua como fiador das informa\u00e7\u00f5es coletadas e pode ser citado em ju\u00edzo como testemunha. Todo o material recolhido tem valor legal.<\/p>\n\n\n\n<p>I<strong>nfidelidade conjugal:<\/strong> <strong>como o Investigador particular realiza o servi\u00e7o.<\/strong><br>Se voc\u00ea decidiu contratar um Investigador particular para descobrir a infidelidade conjugal, voc\u00ea confiou em um profissional s\u00e9rio e competente. N\u00e3o se trata de uma figura improvisada, mas sim de um especialista com experiencia que possui os meios para obter respostas \u00fateis para fundamentar quaisquer d\u00favidas e produzir provas juridicamente irrefut\u00e1veis.<\/p>\n\n\n\n<p>O investigador particular especializado em trai\u00e7\u00e3o de casal procede a inspe\u00e7\u00f5es, vigil\u00e2ncias, buscas, checagens e investiga\u00e7\u00f5es, amparado por equipamentos de \u00faltima gera\u00e7\u00e3o capazes de produzir relat\u00f3rios detalhados dos locais e pessoas frequentadas, com hor\u00e1rios, movimentos e descri\u00e7\u00e3o detalhada das atividades do sujeito , de forma a obter toda a informa\u00e7\u00e3o \u00fatil para o efeito.<\/p>\n\n\n\n<p>A realiza\u00e7\u00e3o de consultas que faz a <strong>Investigation<\/strong> para averiguar a fidelidade do seu parceiro \u00e9 permitida, por\u00e9m desaconselhamos que voc\u00ea mesmo o fa\u00e7a. Um Investigador Particular especializado n\u00e3o s\u00f3 possui as qualifica\u00e7\u00f5es necess\u00e1rias para o exerc\u00edcio da profiss\u00e3o, como tamb\u00e9m est\u00e1 munido de todas as ferramentas (tecnol\u00f3gicas e outras) para colher informa\u00e7\u00f5es precisas e produzir um dossi\u00ea detalhado que pode ser utilizado em ju\u00edzo, a crit\u00e9rio do cliente.<\/p>\n\n\n\n<p><strong>Por que contratar uma ag\u00eancia de investiga\u00e7\u00e3o de infidelidade conjugal?<\/strong><br>A primeira raz\u00e3o pela qual \u00e9 importante realizar uma atividade investigativa de infidelidade conjugal \u00e9 livrar o cliente de um fardo desgastante.<\/p>\n\n\n\n<p>Superada a primeira fase &#8220;emocional&#8221;, \u00e9 importante agir de forma mais racional e estudar uma estrat\u00e9gia que permita fazer valer os seus direitos em tribunal. Isto pode ser conseguido com o servi\u00e7o de investiga\u00e7\u00e3o privada que, com a recolha de determinados dados e material inequ\u00edvoco, permite obter justi\u00e7a em caso de processo de trai\u00e7\u00e3o matrimonial.<\/p>\n\n\n\n<p><strong>Profissionalismo e discri\u00e7\u00e3o da ag\u00eancia Investigation <\/strong><br>A ag\u00eancia <strong>Investigation<\/strong> localizada em Vitoria ES, com sua experi\u00eancia e rede de colaboradores especializados, pode vir em seu socorro e ajud\u00e1-lo a solucionar seu caso de infidelidade conjugal e trai\u00e7\u00e3o na Grande Vitoria e em todo o pa\u00eds. Conosco voc\u00ea ter\u00e1 a garantia de recursos altamente qualificados e extremamente eficientes, capazes de solucionar at\u00e9 os problemas mais complicados, em pouco tempo.<\/p>\n\n\n\n<p>Gra\u00e7as ao nosso trabalho, voc\u00ea pode ter diferentes benef\u00edcios e resultados:<\/p>\n\n\n\n<p>Encontre evid\u00eancias v\u00e1lidas no tribunal<br>Produzir documentos para obter o div\u00f3rcio, separa\u00e7\u00e3o com cargo ou separa\u00e7\u00e3o por culpa<br>Tenha a garantia de um determinado resultado.<\/p>\n","protected":false},"excerpt":{"rendered":"<p>N\u00e3o \u00e9 f\u00e1cil admiti-lo, tanto para si mesmo quanto na frente de um Investigador Particular, [&hellip;]<\/p>\n","protected":false},"author":1,"featured_media":0,"parent":39,"menu_order":1,"comment_status":"closed","ping_status":"closed","template":"","meta":{"footnotes":""},"class_list":["post-48","page","type-page","status-publish","hentry"],"_links":{"self":[{"href":"https:\/\/investigation.com.br\/index.php?rest_route=\/wp\/v2\/pages\/48","targetHints":{"allow":["GET"]}}],"collection":[{"href":"https:\/\/investigation.com.br\/index.php?rest_route=\/wp\/v2\/pages"}],"about":[{"href":"https:\/\/investigation.com.br\/index.php?rest_route=\/wp\/v2\/types\/page"}],"author":[{"embeddable":true,"href":"https:\/\/investigation.com.br\/index.php?rest_route=\/wp\/v2\/users\/1"}],"replies":[{"embeddable":true,"href":"https:\/\/investigation.com.br\/index.php?rest_route=%2Fwp%2Fv2%2Fcomments&post=48"}],"version-history":[{"count":8,"href":"https:\/\/investigation.com.br\/index.php?rest_route=\/wp\/v2\/pages\/48\/revisions"}],"predecessor-version":[{"id":194,"href":"https:\/\/investigation.com.br\/index.php?rest_route=\/wp\/v2\/pages\/48\/revisions\/194"}],"up":[{"embeddable":true,"href":"https:\/\/investigation.com.br\/index.php?rest_route=\/wp\/v2\/pages\/39"}],"wp:attachment":[{"href":"https:\/\/investigation.com.br\/index.php?rest_route=%2Fwp%2Fv2%2Fmedia&parent=48"}],"curies":[{"name":"wp","href":"https:\/\/api.w.org\/{rel}","templated":true}]}}