{"id":2,"date":"2023-02-02T21:25:32","date_gmt":"2023-02-02T21:25:32","guid":{"rendered":"https:\/\/investigation.com.br\/wp\/br\/?page_id=2"},"modified":"2023-03-07T14:18:59","modified_gmt":"2023-03-07T14:18:59","slug":"sample-page","status":"publish","type":"page","link":"https:\/\/investigation.com.br\/?page_id=2","title":{"rendered":"Quem Somos"},"content":{"rendered":"\n<p><strong>INVESTIGATION<\/strong><\/p>\n\n\n\n<p>A&nbsp;Agencia de Investiga\u00e7\u00e3o <strong>INVESTIGATION<\/strong>&nbsp;\u00e9 uma empresa especializada em servi\u00e7os de&nbsp;<strong>Investiga\u00e7\u00e3o Particular<\/strong>. Instalada em <strong>Vit\u00f3ria<\/strong> ES, possui uma equipe de Investigadores Particulares do Espirito Santo altamente treinados e experientes. Atende na Grande Vitoria, no Estado do ES e em todo o Territ\u00f3rio Brasileiro e soluciona os mais diversos casos de investiga\u00e7\u00e3o. Os Investigadores da <strong>Investigation<\/strong> s\u00e3o profissionais experientes e constantemente treinados com as melhores t\u00e9cnicas e tecnologia de ponta para garantir resultados positivos nos trabalhos desempenhados.<\/p>\n\n\n\n<p>Ag\u00eancia investigativa <strong>Investigation<\/strong> esta localizada em Vitoria ES, a Investigation garante ao cliente a m\u00e1xima confidencialidade e precis\u00e3o das investiga\u00e7\u00f5es realizadas, fornecendo respostas concretas \u00e0s necessidades espec\u00edficas do cliente. O Investigador particular no Espirito Santo se destaca como uma figura de refer\u00eancia capaz de lidar com problemas de todos os tipos com abordagem profissional, desde a infidelidade conjugal at\u00e9 o controle dos mais novos.<\/p>\n\n\n\n<p>Todo o material recolhido pela ag\u00eancia de investiga\u00e7\u00e3o em Vitoria ES, desde testemunhos a provas fotogr\u00e1ficas, pode ser apresentado  em conformidade com as normas vigentes  como prova documental durante processos de separa\u00e7\u00f5es, div\u00f3rcios e guarda de filhos. Os resultados das investiga\u00e7\u00f5es investigativas podem ser produzidos em ju\u00edzo acompanhados de relat\u00f3rio escrito, fatos, dados, fotos e v\u00eddeos. Escolher um Investigador Particular profissional em Vitoria ES, significa contar, com a m\u00e1xima confian\u00e7a, com um profissional capaz de lidar com quest\u00f5es delicadas e, por vezes, muito espinhosas, com profissionalismo e discri\u00e7\u00e3o. Desde investiga\u00e7\u00f5es para particulares (em casos, por exemplo, de infidelidade conjugal) at\u00e9 servi\u00e7os de investiga\u00e7\u00e3o empresarial por absentismo ou alegada concorr\u00eancia desleal, a <strong>Investigation<\/strong> emprega pessoal altamente qualificado, garantindo confidencialidade, profissionalismo e aten\u00e7\u00e3o a cada caso.<\/p>\n\n\n\n<p>&#8220;<strong>Sabemos que os problemas n\u00e3o escolhem hor\u00e1rio, por isso oferecemos um servi\u00e7o de investiga\u00e7\u00e3o 24 horas por dia e 7 dias da semana.<\/strong>&#8220;<\/p>\n","protected":false},"excerpt":{"rendered":"<p>INVESTIGATION A&nbsp;Agencia de Investiga\u00e7\u00e3o INVESTIGATION&nbsp;\u00e9 uma empresa especializada em servi\u00e7os de&nbsp;Investiga\u00e7\u00e3o Particular. Instalada em Vit\u00f3ria [&hellip;]<\/p>\n","protected":false},"author":1,"featured_media":0,"parent":0,"menu_order":1,"comment_status":"closed","ping_status":"closed","template":"","meta":{"footnotes":""},"class_list":["post-2","page","type-page","status-publish","hentry"],"_links":{"self":[{"href":"https:\/\/investigation.com.br\/index.php?rest_route=\/wp\/v2\/pages\/2","targetHints":{"allow":["GET"]}}],"collection":[{"href":"https:\/\/investigation.com.br\/index.php?rest_route=\/wp\/v2\/pages"}],"about":[{"href":"https:\/\/investigation.com.br\/index.php?rest_route=\/wp\/v2\/types\/page"}],"author":[{"embeddable":true,"href":"https:\/\/investigation.com.br\/index.php?rest_route=\/wp\/v2\/users\/1"}],"replies":[{"embeddable":true,"href":"https:\/\/investigation.com.br\/index.php?rest_route=%2Fwp%2Fv2%2Fcomments&post=2"}],"version-history":[{"count":12,"href":"https:\/\/investigation.com.br\/index.php?rest_route=\/wp\/v2\/pages\/2\/revisions"}],"predecessor-version":[{"id":203,"href":"https:\/\/investigation.com.br\/index.php?rest_route=\/wp\/v2\/pages\/2\/revisions\/203"}],"wp:attachment":[{"href":"https:\/\/investigation.com.br\/index.php?rest_route=%2Fwp%2Fv2%2Fmedia&parent=2"}],"curies":[{"name":"wp","href":"https:\/\/api.w.org\/{rel}","templated":true}]}}